{"id":205,"date":"2025-11-04T15:03:06","date_gmt":"2025-11-04T15:03:06","guid":{"rendered":"https:\/\/www.nechtoide.sk\/?page_id=205"},"modified":"2025-11-04T15:03:18","modified_gmt":"2025-11-04T15:03:18","slug":"gdpr","status":"publish","type":"page","link":"https:\/\/www.nechtoide.sk\/sk\/gdpr","title":{"rendered":"GDPR"},"content":{"rendered":"<p style=\"text-align: center;\">S\u00daHLAS DOTKNUTEJ OSOBY SO SPRAC\u00daVAN\u00cdM OSOBN\u00ddCH \u00daDAJOV pod\u013ea po\u017eiadaviek Nariadenia Eur\u00f3pskeho parlamentu a Rady E\u00da \u010d. 2016\/679 z 27. apr\u00edla 2016 o ochrane fyzick\u00fdch os\u00f4b pri sprac\u00favan\u00ed osobn\u00fdch \u00fadajov a o vo\u013enom pohybe tak\u00fdchto \u00fadajov, ktor\u00fdm sa zru\u0161uje smernica 95\/46\/ES (v\u0161eobecn\u00e9 nariadenie o ochrane \u00fadajov) (\u010falej len \u201eGDPR\u201c).<\/p>\n<p style=\"text-align: center;\">T\u00fdmto ako dotknut\u00e1 osoba ude\u013eujem (udeli\u0165 tento s\u00fahlas m\u00f4\u017ee iba osoba star\u0161ia ako 16 rokov) s\u00fahlas prev\u00e1dzkovate\u013eovi:<\/p>\n<p style=\"text-align: center;\">i4Industry s.r.o.\u2028Blagoevova 9, 851 04 Bratislava\u2028I\u010cO: 51298431\u2028DI\u010c: 2120679869\u2028I\u010c DPH: SK2120679869<\/p>\n<p style=\"text-align: center;\">Kontakt:<br \/>\n+421 (0)2 21 02 87 47<br \/>\ni4industry@i4industry.eu<\/p>\n<p style=\"text-align: center;\">Tento s\u00fahlas vyjadrujem zakliknut\u00edm za\u0161krt\u00e1vacieho okienka (tzv. checkbox) pod formul\u00e1rom. Tento s\u00fahlas je mo\u017en\u00e9 kedyko\u013evek odvola\u0165 elektronickou formou (emailom, vi\u010f ni\u017e\u0161ie).<\/p>\n<p><strong>Inform\u00e1cie o sprac\u00favan\u00ed osobn\u00fdch \u00fadajov v s\u00falade s \u010dl\u00e1nkom 13 GDPR<\/strong><\/p>\n<p>Prev\u00e1dzkovate\u013e si uvedomuje, \u017ee v s\u00favislosti so zbieran\u00edm a vyhodnocovan\u00edm \u017eiadost\u00ed alebo podnetov na str\u00e1nke <strong>https:\/\/www.i4industry.sk<\/strong> doch\u00e1dza k sprac\u00favaniu osobn\u00fdch \u00fadajov, a preto re\u0161pektuje dodr\u017eiavanie v\u0161etk\u00fdch z\u00e1konnom po\u017eadovan\u00fdch opatren\u00ed tak, aby bola zabezpe\u010den\u00e1 ich n\u00e1le\u017eit\u00e1 ochrana a bezpe\u010dnos\u0165. Z\u00e1roven\u030c V\u00e1s t\u00fdmto ako dotknut\u00fa osobu informujeme o podmienkach sprac\u00favania Va\u0161ich osobn\u00fdch \u00fadajov.<\/p>\n<p>&nbsp;<\/p>\n<p><strong>\u00dac\u030cel spracu\u0301vania osobny\u0301ch u\u0301dajov<\/strong><\/p>\n<p>Vybavovanie \u017eiadost\u00ed alebo podnetov, informovanie o aktivit\u00e1ch spolo\u010dnosti.<\/p>\n<p>&nbsp;<\/p>\n<p><strong>Katego\u0301ria spracu\u0301vany\u0301ch osobny\u0301ch u\u0301dajov<\/strong><\/p>\n<p>V\u0161eobecn\u00e9 osobn\u00e9 \u00fadaje<\/p>\n<p>&nbsp;<\/p>\n<p><strong>Pra\u0301vny za\u0301klad spracu\u0301vania osobny\u0301ch u\u0301dajov:<\/strong><\/p>\n<p>S\u00fahlas so sprac\u00favan\u00edm svojich osobn\u00fdch \u00fadajov \u2013 \u010dl\u00e1nok 6 ods. 1 p\u00edsm. a) GDPR<\/p>\n<p>&nbsp;<\/p>\n<p><strong>Okruh dotknuty\u0301ch os\u00f4b<\/strong><\/p>\n<p>Osoby, ktor\u00e9 pod\u00e1vaj\u00fa \u017eiados\u0165 alebo podnet, alebo za in\u00fdm \u00fa\u010delom odosielaj\u00fa formul\u00e1r<\/p>\n<p>&nbsp;<\/p>\n<p><strong>Sp\u00f4sob zverejnenia<\/strong><\/p>\n<p>Sprac\u00favan\u00e9 osobn\u00e9 \u00fadaje sa nezverej\u0148uj\u00fa<\/p>\n<p>&nbsp;<\/p>\n<p><strong>Doba uchova\u0301vania osobny\u0301ch u\u0301dajov <\/strong><\/p>\n<p>Na neur\u010dit\u00fa dobu v pr\u00edpade odvolania s\u00fahlasu. Ak dotknut\u00e1 osoba odvol\u00e1 s\u00fahlas so sprac\u00favan\u00edm osobn\u00fdch \u00fadajov, poskytnut\u00e9 osobn\u00e9 \u00fadaje sa bezodkladne vyma\u017e\u00fa.<\/p>\n<p>&nbsp;<\/p>\n<p><strong>Pou\u010denie o pra\u0301ve kedykol\u030cvek odvola\u0165 svoj su\u0301hlas<\/strong><\/p>\n<p>Dotknut\u00e1 osoba m\u00e1 pr\u00e1vo svoj s\u00fahlas so spracovan\u00edm osobn\u00fdch \u00fadajov kedyko\u013evek odvola\u0165, a to elektronicky na e-mailov\u00fa adresu i4industry@i4industry.eu. Odvolanie s\u00fahlasu nem\u00e1 vplyv na z\u00e1konnos\u0165 sprac\u00favania osobn\u00fdch \u00fadajov zalo\u017eenom na s\u00fahlase pred jeho odvolan\u00edm.<\/p>\n<p>&nbsp;<\/p>\n<p><strong>Poskytnutie Va\u0161ich osobny\u0301ch u\u0301dajov je dobrovo\u013ene\u0301 <\/strong><\/p>\n<p>V pr\u00edpade, \u017ee m\u00e1te z\u00e1ujem o odoslanie podnetu, je nevyhnutn\u00e9 poskytn\u00fa\u0165 e-mailov\u00fa adresu dotknutej osoby, na ktor\u00fa budeme zasiela\u0165 inform\u00e1cie o stave rie\u0161enia podania.<\/p>\n<p>&nbsp;<\/p>\n<p><strong>Pouc\u030cenie o pra\u0301vach dotknutej osoby<\/strong><\/p>\n<p>Dotknut\u00e1 osoba m\u00e1 pr\u00e1vo po\u017eadova\u0165 od prev\u00e1dzkovate\u013ea pr\u00edstup k osobn\u00fdm \u00fadajom, ktor\u00e9 sa jej t\u00fdkaj\u00fa a pod\u013ea \u010dl\u00e1nku 15 ods. 1 p\u00edsm. e) a f) GDPR pr\u00e1vo po\u017eadova\u0165 od prev\u00e1dzkovate\u013ea opravu osobn\u00fdch \u00fadajov t\u00fdkaj\u00facich sa dotknutej osoby alebo ich vymazanie, alebo obmedzenie sprac\u00favania, taktie\u017e pr\u00e1vo namieta\u0165 proti tak\u00e9muto sprac\u00favaniu a pr\u00e1vo poda\u0165 s\u0165a\u017enos\u0165 dozorn\u00e9mu org\u00e1nu.<\/p>\n<p>V pr\u00edpade, \u017ee dotknut\u00e1 osoba poskytla osobn\u00e9 \u00fadaje na z\u00e1klade s\u00fahlasu alebo zmluvy, m\u00e1 pod\u013ea \u010dl\u00e1nku 20 GDPR pr\u00e1vo prenies\u0165 tieto \u00fadaje in\u00e9mu prev\u00e1dzkovate\u013eovi bez toho, aby jej v tom prev\u00e1dzkovate\u013e br\u00e1nil. V pr\u00edpade, \u017ee sprac\u00favanie osobn\u00fdch \u00fadajov dotknutej osoby je 3 nevyhnutn\u00e9 na splnenie \u00falohy realizovanej vo verejnom z\u00e1ujme alebo pri v\u00fdkone verejnej moci alebo sprac\u00favanie osobn\u00fdch \u00fadajov sa vykon\u00e1va na z\u00e1klade opr\u00e1vnen\u00fdm z\u00e1ujmov prev\u00e1dzkovate\u013ea, m\u00e1 dotknut\u00e1 osoba pod\u013ea \u010dl\u00e1nku 21 GDPR pr\u00e1vo namieta\u0165. Dotknut\u00e1 osoba m\u00e1 v pr\u00edpade poru\u0161enia ochrany osobn\u00fdch \u00fadajov, ktor\u00e9 pravdepodobne povedie k vysok\u00e9mu riziku pre pr\u00e1va a slobody fyzick\u00fdch os\u00f4b, z\u00e1roven\u030c pr\u00e1vo pod\u013ea \u010dl\u00e1nku 34 GDPR by\u0165 informovan\u00e1 o poru\u0161en\u00ed ochrany osobn\u00fdch \u00fadajov.<\/p>\n","protected":false},"excerpt":{"rendered":"<p>S\u00daHLAS DOTKNUTEJ OSOBY SO SPRAC\u00daVAN\u00cdM OSOBN\u00ddCH \u00daDAJOV pod\u013ea po\u017eiadaviek Nariadenia Eur\u00f3pskeho parlamentu a Rady E\u00da \u010d. 2016\/679 z 27. apr\u00edla 2016 o ochrane fyzick\u00fdch os\u00f4b pri sprac\u00favan\u00ed osobn\u00fdch \u00fadajov a o vo\u013enom pohybe tak\u00fdchto \u00fadajov, ktor\u00fdm sa zru\u0161uje smernica 95\/46\/ES (v\u0161eobecn\u00e9 nariadenie o ochrane \u00fadajov) (\u010falej len \u201eGDPR\u201c). T\u00fdmto ako dotknut\u00e1 osoba ude\u013eujem (udeli\u0165 tento [&hellip;]<\/p>\n","protected":false},"author":1,"featured_media":0,"parent":0,"menu_order":0,"comment_status":"closed","ping_status":"closed","template":"templates\/simple.php","meta":{"footnotes":""},"class_list":["post-205","page","type-page","status-publish","hentry"],"yoast_head":"<!-- This site is optimized with the Yoast SEO plugin v26.5 - https:\/\/yoast.com\/wordpress\/plugins\/seo\/ -->\n<title>GDPR - transport system<\/title>\n<meta name=\"robots\" content=\"index, follow, max-snippet:-1, max-image-preview:large, max-video-preview:-1\" \/>\n<link rel=\"canonical\" href=\"https:\/\/www.nechtoide.sk\/gdpr\" \/>\n<meta property=\"og:locale\" content=\"sk_SK\" \/>\n<meta property=\"og:type\" content=\"article\" \/>\n<meta property=\"og:title\" content=\"GDPR - transport system\" \/>\n<meta property=\"og:description\" content=\"S\u00daHLAS DOTKNUTEJ OSOBY SO SPRAC\u00daVAN\u00cdM OSOBN\u00ddCH \u00daDAJOV pod\u013ea po\u017eiadaviek Nariadenia Eur\u00f3pskeho parlamentu a Rady E\u00da \u010d. 2016\/679 z 27. apr\u00edla 2016 o ochrane fyzick\u00fdch os\u00f4b pri sprac\u00favan\u00ed osobn\u00fdch \u00fadajov a o vo\u013enom pohybe tak\u00fdchto \u00fadajov, ktor\u00fdm sa zru\u0161uje smernica 95\/46\/ES (v\u0161eobecn\u00e9 nariadenie o ochrane \u00fadajov) (\u010falej len \u201eGDPR\u201c). T\u00fdmto ako dotknut\u00e1 osoba ude\u013eujem (udeli\u0165 tento [&hellip;]\" \/>\n<meta property=\"og:url\" content=\"https:\/\/www.nechtoide.sk\/gdpr\" \/>\n<meta property=\"og:site_name\" content=\"transport system\" \/>\n<meta property=\"article:modified_time\" content=\"2025-11-04T15:03:18+00:00\" \/>\n<meta name=\"twitter:card\" content=\"summary_large_image\" \/>\n<meta name=\"twitter:label1\" content=\"Predpokladan\u00fd \u010das \u010d\u00edtania\" \/>\n\t<meta name=\"twitter:data1\" content=\"3 min\u00faty\" \/>\n<script type=\"application\/ld+json\" class=\"yoast-schema-graph\">{\"@context\":\"https:\/\/schema.org\",\"@graph\":[{\"@type\":\"WebPage\",\"@id\":\"https:\/\/www.nechtoide.sk\/gdpr\",\"url\":\"https:\/\/www.nechtoide.sk\/gdpr\",\"name\":\"GDPR - transport system\",\"isPartOf\":{\"@id\":\"https:\/\/www.nechtoide.sk\/#website\"},\"datePublished\":\"2025-11-04T15:03:06+00:00\",\"dateModified\":\"2025-11-04T15:03:18+00:00\",\"breadcrumb\":{\"@id\":\"https:\/\/www.nechtoide.sk\/gdpr#breadcrumb\"},\"inLanguage\":\"sk-SK\",\"potentialAction\":[{\"@type\":\"ReadAction\",\"target\":[\"https:\/\/www.nechtoide.sk\/gdpr\"]}]},{\"@type\":\"BreadcrumbList\",\"@id\":\"https:\/\/www.nechtoide.sk\/gdpr#breadcrumb\",\"itemListElement\":[{\"@type\":\"ListItem\",\"position\":1,\"name\":\"Home\",\"item\":\"https:\/\/www.nechtoide.sk\/sk\"},{\"@type\":\"ListItem\",\"position\":2,\"name\":\"GDPR\"}]},{\"@type\":\"WebSite\",\"@id\":\"https:\/\/www.nechtoide.sk\/#website\",\"url\":\"https:\/\/www.nechtoide.sk\/\",\"name\":\"transport system\",\"description\":\"kon\u0161truk\u010dno-v\u00fdrobn\u00e1 firma, ktor\u00e1 sa zaober\u00e1 pl\u00e1novan\u00edm a v\u00fdrobou dopravn\u00fdch liniek a transportn\u00fdch zariaden\u00ed\",\"potentialAction\":[{\"@type\":\"SearchAction\",\"target\":{\"@type\":\"EntryPoint\",\"urlTemplate\":\"https:\/\/www.nechtoide.sk\/?s={search_term_string}\"},\"query-input\":{\"@type\":\"PropertyValueSpecification\",\"valueRequired\":true,\"valueName\":\"search_term_string\"}}],\"inLanguage\":\"sk-SK\"}]}<\/script>\n<!-- \/ Yoast SEO plugin. -->","yoast_head_json":{"title":"GDPR - transport system","robots":{"index":"index","follow":"follow","max-snippet":"max-snippet:-1","max-image-preview":"max-image-preview:large","max-video-preview":"max-video-preview:-1"},"canonical":"https:\/\/www.nechtoide.sk\/gdpr","og_locale":"sk_SK","og_type":"article","og_title":"GDPR - transport system","og_description":"S\u00daHLAS DOTKNUTEJ OSOBY SO SPRAC\u00daVAN\u00cdM OSOBN\u00ddCH \u00daDAJOV pod\u013ea po\u017eiadaviek Nariadenia Eur\u00f3pskeho parlamentu a Rady E\u00da \u010d. 2016\/679 z 27. apr\u00edla 2016 o ochrane fyzick\u00fdch os\u00f4b pri sprac\u00favan\u00ed osobn\u00fdch \u00fadajov a o vo\u013enom pohybe tak\u00fdchto \u00fadajov, ktor\u00fdm sa zru\u0161uje smernica 95\/46\/ES (v\u0161eobecn\u00e9 nariadenie o ochrane \u00fadajov) (\u010falej len \u201eGDPR\u201c). T\u00fdmto ako dotknut\u00e1 osoba ude\u013eujem (udeli\u0165 tento [&hellip;]","og_url":"https:\/\/www.nechtoide.sk\/gdpr","og_site_name":"transport system","article_modified_time":"2025-11-04T15:03:18+00:00","twitter_card":"summary_large_image","twitter_misc":{"Predpokladan\u00fd \u010das \u010d\u00edtania":"3 min\u00faty"},"schema":{"@context":"https:\/\/schema.org","@graph":[{"@type":"WebPage","@id":"https:\/\/www.nechtoide.sk\/gdpr","url":"https:\/\/www.nechtoide.sk\/gdpr","name":"GDPR - transport system","isPartOf":{"@id":"https:\/\/www.nechtoide.sk\/#website"},"datePublished":"2025-11-04T15:03:06+00:00","dateModified":"2025-11-04T15:03:18+00:00","breadcrumb":{"@id":"https:\/\/www.nechtoide.sk\/gdpr#breadcrumb"},"inLanguage":"sk-SK","potentialAction":[{"@type":"ReadAction","target":["https:\/\/www.nechtoide.sk\/gdpr"]}]},{"@type":"BreadcrumbList","@id":"https:\/\/www.nechtoide.sk\/gdpr#breadcrumb","itemListElement":[{"@type":"ListItem","position":1,"name":"Home","item":"https:\/\/www.nechtoide.sk\/sk"},{"@type":"ListItem","position":2,"name":"GDPR"}]},{"@type":"WebSite","@id":"https:\/\/www.nechtoide.sk\/#website","url":"https:\/\/www.nechtoide.sk\/","name":"transport system","description":"kon\u0161truk\u010dno-v\u00fdrobn\u00e1 firma, ktor\u00e1 sa zaober\u00e1 pl\u00e1novan\u00edm a v\u00fdrobou dopravn\u00fdch liniek a transportn\u00fdch zariaden\u00ed","potentialAction":[{"@type":"SearchAction","target":{"@type":"EntryPoint","urlTemplate":"https:\/\/www.nechtoide.sk\/?s={search_term_string}"},"query-input":{"@type":"PropertyValueSpecification","valueRequired":true,"valueName":"search_term_string"}}],"inLanguage":"sk-SK"}]}},"_links":{"self":[{"href":"https:\/\/www.nechtoide.sk\/sk\/wp-json\/wp\/v2\/pages\/205","targetHints":{"allow":["GET"]}}],"collection":[{"href":"https:\/\/www.nechtoide.sk\/sk\/wp-json\/wp\/v2\/pages"}],"about":[{"href":"https:\/\/www.nechtoide.sk\/sk\/wp-json\/wp\/v2\/types\/page"}],"author":[{"embeddable":true,"href":"https:\/\/www.nechtoide.sk\/sk\/wp-json\/wp\/v2\/users\/1"}],"replies":[{"embeddable":true,"href":"https:\/\/www.nechtoide.sk\/sk\/wp-json\/wp\/v2\/comments?post=205"}],"version-history":[{"count":2,"href":"https:\/\/www.nechtoide.sk\/sk\/wp-json\/wp\/v2\/pages\/205\/revisions"}],"predecessor-version":[{"id":207,"href":"https:\/\/www.nechtoide.sk\/sk\/wp-json\/wp\/v2\/pages\/205\/revisions\/207"}],"wp:attachment":[{"href":"https:\/\/www.nechtoide.sk\/sk\/wp-json\/wp\/v2\/media?parent=205"}],"curies":[{"name":"wp","href":"https:\/\/api.w.org\/{rel}","templated":true}]}}